{"id":22545,"date":"2026-01-07T10:01:19","date_gmt":"2026-01-07T15:01:19","guid":{"rendered":"https:\/\/lajauladelangel.com.co\/parquefabricato\/?post_type=product&#038;p=22545"},"modified":"2026-04-20T09:52:00","modified_gmt":"2026-04-20T14:52:00","slug":"arqueros-1-dia","status":"publish","type":"product","link":"https:\/\/lajauladelangel.com.co\/parquefabricato\/tienda\/arqueros-1-dia\/","title":{"rendered":"Academia arqueros 1 clase por semana<br>MENSUALIDAD: $75.000"},"content":{"rendered":"<p>Formaci\u00f3n integral deportiva de ni\u00f1os y ni\u00f1as, de 3 a 14 a\u00f1os, a trav\u00e9s de metodolog\u00edas enfocadas en el desarrollo del f\u00fatbol en todas sus etapas.<\/p>\n<ul>\n<li><strong>UNA<\/strong> clase por semana.<\/li>\n<li>Solo sede <strong>Parque Fabricato.<\/strong><\/li>\n<li>Pago exclusivo para la academia de arqueros<\/li>\n<li>Cupos limitados.<\/li>\n<li>Contactar a recepci\u00f3n <strong>ANTES<\/strong> de realizar el pago.<\/li>\n<li>El pago es de: <strong>Matricula 2026<\/strong> + <strong>Un mes por $75.000.<\/strong><\/li>\n<\/ul>\n","protected":false},"excerpt":{"rendered":"<p>Formaci\u00f3n integral deportiva de ni\u00f1os y ni\u00f1as, de 3 a 14 a\u00f1os, a trav\u00e9s de metodolog\u00edas enfocadas en el desarrollo del f\u00fatbol en todas sus etapas.<\/p>\n<ul>\n<li><strong>UNA<\/strong> clase por semana.<\/li>\n<li>Solo sede <strong>Parque Fabricato.<\/strong><\/li>\n<li>Pago exclusivo para la academia de arqueros<\/li>\n<li>Cupos limitados.<\/li>\n<li>Contactar a recepci\u00f3n <strong>ANTES<\/strong> de realizar el pago.<\/li>\n<li>El pago es de: <strong>Matricula 2026<\/strong> + <strong>Un mes por $75.000.<\/strong><\/li>\n<\/ul>\n","protected":false},"featured_media":52167,"comment_status":"closed","ping_status":"closed","template":"","meta":{"site-sidebar-layout":"default","site-content-layout":"default","ast-site-content-layout":"default","site-content-style":"default","site-sidebar-style":"default","ast-global-header-display":"","ast-banner-title-visibility":"","ast-main-header-display":"","ast-hfb-above-header-display":"","ast-hfb-below-header-display":"","ast-hfb-mobile-header-display":"","site-post-title":"","ast-breadcrumbs-content":"","ast-featured-img":"","footer-sml-layout":"","theme-transparent-header-meta":"default","adv-header-id-meta":"","stick-header-meta":"","header-above-stick-meta":"","header-main-stick-meta":"","header-below-stick-meta":"","astra-migrate-meta-layouts":"set","ast-page-background-enabled":"default","ast-page-background-meta":{"desktop":{"background-color":"","background-image":"","background-repeat":"repeat","background-position":"center center","background-size":"auto","background-attachment":"scroll","background-type":"","background-media":"","overlay-type":"","overlay-color":"","overlay-opacity":"","overlay-gradient":""},"tablet":{"background-color":"","background-image":"","background-repeat":"repeat","background-position":"center center","background-size":"auto","background-attachment":"scroll","background-type":"","background-media":"","overlay-type":"","overlay-color":"","overlay-opacity":"","overlay-gradient":""},"mobile":{"background-color":"","background-image":"","background-repeat":"repeat","background-position":"center center","background-size":"auto","background-attachment":"scroll","background-type":"","background-media":"","overlay-type":"","overlay-color":"","overlay-opacity":"","overlay-gradient":""}},"ast-content-background-meta":{"desktop":{"background-color":"var(--ast-global-color-5)","background-image":"","background-repeat":"repeat","background-position":"center center","background-size":"auto","background-attachment":"scroll","background-type":"","background-media":"","overlay-type":"","overlay-color":"","overlay-opacity":"","overlay-gradient":""},"tablet":{"background-color":"var(--ast-global-color-5)","background-image":"","background-repeat":"repeat","background-position":"center center","background-size":"auto","background-attachment":"scroll","background-type":"","background-media":"","overlay-type":"","overlay-color":"","overlay-opacity":"","overlay-gradient":""},"mobile":{"background-color":"var(--ast-global-color-5)","background-image":"","background-repeat":"repeat","background-position":"center center","background-size":"auto","background-attachment":"scroll","background-type":"","background-media":"","overlay-type":"","overlay-color":"","overlay-opacity":"","overlay-gradient":""}}},"product_cat":[60],"product_tag":[],"tipos-de-cancha":[],"class_list":{"0":"post-22545","1":"product","2":"type-product","3":"status-publish","4":"has-post-thumbnail","6":"product_cat-debito-arqueros","7":"desktop-align-left","8":"tablet-align-left","9":"mobile-align-left","11":"first","12":"instock","13":"virtual","14":"purchasable","15":"product-type-simple"},"_links":{"self":[{"href":"https:\/\/lajauladelangel.com.co\/parquefabricato\/wp-json\/wp\/v2\/product\/22545","targetHints":{"allow":["GET"]}}],"collection":[{"href":"https:\/\/lajauladelangel.com.co\/parquefabricato\/wp-json\/wp\/v2\/product"}],"about":[{"href":"https:\/\/lajauladelangel.com.co\/parquefabricato\/wp-json\/wp\/v2\/types\/product"}],"replies":[{"embeddable":true,"href":"https:\/\/lajauladelangel.com.co\/parquefabricato\/wp-json\/wp\/v2\/comments?post=22545"}],"wp:featuredmedia":[{"embeddable":true,"href":"https:\/\/lajauladelangel.com.co\/parquefabricato\/wp-json\/wp\/v2\/media\/52167"}],"wp:attachment":[{"href":"https:\/\/lajauladelangel.com.co\/parquefabricato\/wp-json\/wp\/v2\/media?parent=22545"}],"wp:term":[{"taxonomy":"product_cat","embeddable":true,"href":"https:\/\/lajauladelangel.com.co\/parquefabricato\/wp-json\/wp\/v2\/product_cat?post=22545"},{"taxonomy":"product_tag","embeddable":true,"href":"https:\/\/lajauladelangel.com.co\/parquefabricato\/wp-json\/wp\/v2\/product_tag?post=22545"},{"taxonomy":"tipos-de-cancha","embeddable":true,"href":"https:\/\/lajauladelangel.com.co\/parquefabricato\/wp-json\/wp\/v2\/tipos-de-cancha?post=22545"}],"curies":[{"name":"wp","href":"https:\/\/api.w.org\/{rel}","templated":true}]}}