{"id":1221,"date":"2026-01-13T09:00:41","date_gmt":"2026-01-13T14:00:41","guid":{"rendered":"https:\/\/lajauladelangel.com.co\/parquefabricato\/?post_type=product&#038;p=1221"},"modified":"2026-04-13T19:13:37","modified_gmt":"2026-04-14T00:13:37","slug":"uniforme-negro","status":"publish","type":"product","link":"https:\/\/lajauladelangel.com.co\/parquefabricato\/tienda\/uniforme-negro\/","title":{"rendered":"Uniforme Negro"},"content":{"rendered":"<p>Uniforme de La Jaula Del \u00c1ngel para nuestros ni\u00f1os y ni\u00f1as. Fabricado en tela 100% Poli\u00e9ster con transporte de humedad y secado r\u00e1pido.<\/p>\n<p>El dise\u00f1o contrasta los nuevos colores resaltando a nuestro muy importante jugador, luciendo muy bien el nombre y logo del equipo.<\/p>\n<p>El Uniforme esta constituido por:<\/p>\n<ul>\n<li>Camiseta<\/li>\n<li>Pantaloneta<\/li>\n<li>Medias<\/li>\n<\/ul>\n<p>* No se venden prendas detalladas<\/p>\n","protected":false},"excerpt":{"rendered":"<p>Uniforme de La Jaula Del \u00c1ngel para nuestros ni\u00f1os y ni\u00f1as. Fabricado en tela 100% Poli\u00e9ster con transporte de humedad y secado r\u00e1pido.<\/p>\n<p>El dise\u00f1o contrasta los nuevos colores resaltando a nuestro muy importante jugador, luciendo muy bien el nombre y logo del equipo.<\/p>\n<p>El Uniforme esta constituido por:<\/p>\n<ul>\n<li>Camiseta<\/li>\n<li>Pantaloneta<\/li>\n<li>Medias<\/li>\n<\/ul>\n<p>* No se venden prendas detalladas<\/p>\n","protected":false},"featured_media":42887,"comment_status":"open","ping_status":"closed","template":"","meta":{"site-sidebar-layout":"default","site-content-layout":"default","ast-site-content-layout":"default","site-content-style":"default","site-sidebar-style":"default","ast-global-header-display":"","ast-banner-title-visibility":"","ast-main-header-display":"","ast-hfb-above-header-display":"","ast-hfb-below-header-display":"","ast-hfb-mobile-header-display":"","site-post-title":"","ast-breadcrumbs-content":"","ast-featured-img":"","footer-sml-layout":"","theme-transparent-header-meta":"default","adv-header-id-meta":"","stick-header-meta":"","header-above-stick-meta":"","header-main-stick-meta":"","header-below-stick-meta":"","astra-migrate-meta-layouts":"set","ast-page-background-enabled":"default","ast-page-background-meta":{"desktop":{"background-color":"","background-image":"","background-repeat":"repeat","background-position":"center center","background-size":"auto","background-attachment":"scroll","background-type":"","background-media":"","overlay-type":"","overlay-color":"","overlay-opacity":"","overlay-gradient":""},"tablet":{"background-color":"","background-image":"","background-repeat":"repeat","background-position":"center center","background-size":"auto","background-attachment":"scroll","background-type":"","background-media":"","overlay-type":"","overlay-color":"","overlay-opacity":"","overlay-gradient":""},"mobile":{"background-color":"","background-image":"","background-repeat":"repeat","background-position":"center center","background-size":"auto","background-attachment":"scroll","background-type":"","background-media":"","overlay-type":"","overlay-color":"","overlay-opacity":"","overlay-gradient":""}},"ast-content-background-meta":{"desktop":{"background-color":"var(--ast-global-color-5)","background-image":"","background-repeat":"repeat","background-position":"center center","background-size":"auto","background-attachment":"scroll","background-type":"","background-media":"","overlay-type":"","overlay-color":"","overlay-opacity":"","overlay-gradient":""},"tablet":{"background-color":"var(--ast-global-color-5)","background-image":"","background-repeat":"repeat","background-position":"center center","background-size":"auto","background-attachment":"scroll","background-type":"","background-media":"","overlay-type":"","overlay-color":"","overlay-opacity":"","overlay-gradient":""},"mobile":{"background-color":"var(--ast-global-color-5)","background-image":"","background-repeat":"repeat","background-position":"center center","background-size":"auto","background-attachment":"scroll","background-type":"","background-media":"","overlay-type":"","overlay-color":"","overlay-opacity":"","overlay-gradient":""}}},"product_cat":[40],"product_tag":[46],"tipos-de-cancha":[],"class_list":{"0":"post-1221","1":"product","2":"type-product","3":"status-publish","4":"has-post-thumbnail","6":"product_cat-uniformes","7":"product_tag-uniforme","8":"desktop-align-left","9":"tablet-align-left","10":"mobile-align-left","12":"first","13":"instock","14":"taxable","15":"shipping-taxable","16":"purchasable","17":"product-type-variable"},"_links":{"self":[{"href":"https:\/\/lajauladelangel.com.co\/parquefabricato\/wp-json\/wp\/v2\/product\/1221","targetHints":{"allow":["GET"]}}],"collection":[{"href":"https:\/\/lajauladelangel.com.co\/parquefabricato\/wp-json\/wp\/v2\/product"}],"about":[{"href":"https:\/\/lajauladelangel.com.co\/parquefabricato\/wp-json\/wp\/v2\/types\/product"}],"replies":[{"embeddable":true,"href":"https:\/\/lajauladelangel.com.co\/parquefabricato\/wp-json\/wp\/v2\/comments?post=1221"}],"wp:featuredmedia":[{"embeddable":true,"href":"https:\/\/lajauladelangel.com.co\/parquefabricato\/wp-json\/wp\/v2\/media\/42887"}],"wp:attachment":[{"href":"https:\/\/lajauladelangel.com.co\/parquefabricato\/wp-json\/wp\/v2\/media?parent=1221"}],"wp:term":[{"taxonomy":"product_cat","embeddable":true,"href":"https:\/\/lajauladelangel.com.co\/parquefabricato\/wp-json\/wp\/v2\/product_cat?post=1221"},{"taxonomy":"product_tag","embeddable":true,"href":"https:\/\/lajauladelangel.com.co\/parquefabricato\/wp-json\/wp\/v2\/product_tag?post=1221"},{"taxonomy":"tipos-de-cancha","embeddable":true,"href":"https:\/\/lajauladelangel.com.co\/parquefabricato\/wp-json\/wp\/v2\/tipos-de-cancha?post=1221"}],"curies":[{"name":"wp","href":"https:\/\/api.w.org\/{rel}","templated":true}]}}