{"id":42184,"date":"2025-01-04T10:41:42","date_gmt":"2025-01-04T15:41:42","guid":{"rendered":"https:\/\/lajauladelangel.com.co\/tesoro\/?page_id=42184"},"modified":"2026-04-20T09:51:39","modified_gmt":"2026-04-20T14:51:39","slug":"academia","status":"publish","type":"page","link":"https:\/\/lajauladelangel.com.co\/parquefabricato\/academia\/","title":{"rendered":"Academia Parque Fabricato"},"content":{"rendered":"\t\t<div data-elementor-type=\"wp-page\" data-elementor-id=\"42184\" class=\"elementor elementor-42184\">\n\t\t\t\t\t\t<div class=\"elementor-inner\">\n\t\t\t\t<div class=\"elementor-section-wrap\">\n\t\t\t\t\t\t\t<div class=\"elementor-element elementor-element-3628564 e-con-boxed e-con\" data-id=\"3628564\" data-element_type=\"container\" data-settings=\"{&quot;background_background&quot;:&quot;classic&quot;,&quot;content_width&quot;:&quot;boxed&quot;}\">\n\t\t\t\t\t<div class=\"e-con-inner\">\n\t\t<div class=\"elementor-element elementor-element-5436c8c e-con-boxed e-con\" data-id=\"5436c8c\" data-element_type=\"container\" data-settings=\"{&quot;content_width&quot;:&quot;boxed&quot;}\">\n\t\t\t\t\t<div class=\"e-con-inner\">\n\t\t\t\t<div class=\"elementor-element elementor-element-9f70f22 elementor-widget elementor-widget-jet-animated-text\" data-id=\"9f70f22\" data-element_type=\"widget\" data-widget_type=\"jet-animated-text.default\">\n\t\t\t\t<div class=\"elementor-widget-container\">\n\t\t\t<div class=\"elementor-jet-animated-text jet-elements\">\n<h1 class=\"jet-animated-text jet-animated-text--effect-fx1\" data-settings='{\"effect\":\"fx1\",\"delay\":3000}'>\n\t<div class=\"jet-animated-text__before-text\">\n\t<span>Inscribete<\/span>&nbsp;<span>en<\/span>&nbsp;<\/div>\n\t<div class=\"jet-animated-text__animated-text\">\n<div class=\"jet-animated-text__animated-text-item active visible\" dir=\"ltr\">\n\t<span>n<\/span><span>u<\/span><span>e<\/span><span>s<\/span><span>t<\/span><span>r<\/span><span>a<\/span>&nbsp;<\/div>\n<div class=\"jet-animated-text__animated-text-item\" dir=\"ltr\">\n\t<span>l<\/span><span>a<\/span><span>&nbsp;<\/span><span>m<\/span><span>e<\/span><span>j<\/span><span>o<\/span><span>r<\/span>&nbsp;<\/div>\n<\/div>\t<div class=\"jet-animated-text__after-text\">\n\t<span>academia<\/span>&nbsp;<span>de<\/span>&nbsp;<span>f\u00fatbol<\/span><\/div><\/h1><\/div>\t\t<\/div>\n\t\t\t\t<\/div>\n\t\t<div class=\"elementor-element elementor-element-df647bb e-con-boxed e-con\" data-id=\"df647bb\" data-element_type=\"container\" data-settings=\"{&quot;content_width&quot;:&quot;boxed&quot;}\">\n\t\t\t\t\t<div class=\"e-con-inner\">\n\t\t<div class=\"elementor-element elementor-element-7e9a010 e-con-full e-con\" data-id=\"7e9a010\" data-element_type=\"container\" data-settings=\"{&quot;content_width&quot;:&quot;full&quot;,&quot;background_background&quot;:&quot;classic&quot;}\">\n\t\t<div class=\"elementor-element elementor-element-c8acd87 e-con-boxed e-con\" data-id=\"c8acd87\" data-element_type=\"container\" data-settings=\"{&quot;content_width&quot;:&quot;boxed&quot;}\">\n\t\t\t\t\t<div class=\"e-con-inner\">\n\t\t\t\t<div class=\"elementor-element elementor-element-8d96845 elementor-widget__width-auto elementor-widget elementor-widget-text-editor\" data-id=\"8d96845\" data-element_type=\"widget\" data-widget_type=\"text-editor.default\">\n\t\t\t\t<div class=\"elementor-widget-container\">\n\t\t\t\t\t\t\t\t<div class=\"elementor-text-editor elementor-clearfix\">\n\t\t\t\t<p>Opci\u00f3n de pago:<\/p>\t\t\t\t\t<\/div>\n\t\t\t\t\t\t<\/div>\n\t\t\t\t<\/div>\n\t\t\t\t<div class=\"elementor-element elementor-element-1cb723a elementor-widget elementor-widget-heading\" data-id=\"1cb723a\" data-element_type=\"widget\" data-widget_type=\"heading.default\">\n\t\t\t\t<div class=\"elementor-widget-container\">\n\t\t\t<h2 class=\"elementor-heading-title elementor-size-large\">Debito autom\u00e1tico<\/h2>\t\t<\/div>\n\t\t\t\t<\/div>\n\t\t\t\t<div class=\"elementor-element elementor-element-24b55f0 elementor-widget__width-auto elementor-widget elementor-widget-text-editor\" data-id=\"24b55f0\" data-element_type=\"widget\" data-widget_type=\"text-editor.default\">\n\t\t\t\t<div class=\"elementor-widget-container\">\n\t\t\t\t\t\t\t\t<div class=\"elementor-text-editor elementor-clearfix\">\n\t\t\t\t<p>Una sola inscripci\u00f3n, sin clausula de permanencia.<\/p>\t\t\t\t\t<\/div>\n\t\t\t\t\t\t<\/div>\n\t\t\t\t<\/div>\n\t\t\t\t<div class=\"elementor-element elementor-element-11157f3 elementor-widget elementor-widget-button\" data-id=\"11157f3\" data-element_type=\"widget\" data-widget_type=\"button.default\">\n\t\t\t\t<div class=\"elementor-widget-container\">\n\t\t\t\t\t<div class=\"elementor-button-wrapper\">\n\t\t\t<a href=\"https:\/\/lajauladelangel.com.co\/parquefabricato\/seleccion-debito-automatico\/\" class=\"elementor-button-link elementor-button elementor-size-sm\" role=\"button\">\n\t\t\t\t\t\t<span class=\"elementor-button-content-wrapper\">\n\t\t\t\t\t\t<span class=\"elementor-button-text\">Inscribirme<\/span>\n\t\t<\/span>\n\t\t\t\t\t<\/a>\n\t\t<\/div>\n\t\t\t\t<\/div>\n\t\t\t\t<\/div>\n\t\t\t\t\t<\/div>\n\t\t\t\t<\/div>\n\t\t\t\t<\/div>\n\t\t<div class=\"elementor-element elementor-element-3836b9b e-con-full e-con\" data-id=\"3836b9b\" data-element_type=\"container\" data-settings=\"{&quot;content_width&quot;:&quot;full&quot;,&quot;background_background&quot;:&quot;classic&quot;}\">\n\t\t<div class=\"elementor-element elementor-element-5400dbf e-con-boxed e-con\" data-id=\"5400dbf\" data-element_type=\"container\" data-settings=\"{&quot;content_width&quot;:&quot;boxed&quot;}\">\n\t\t\t\t\t<div class=\"e-con-inner\">\n\t\t\t\t<div class=\"elementor-element elementor-element-eee239c elementor-widget__width-auto elementor-widget elementor-widget-text-editor\" data-id=\"eee239c\" data-element_type=\"widget\" data-widget_type=\"text-editor.default\">\n\t\t\t\t<div class=\"elementor-widget-container\">\n\t\t\t\t\t\t\t\t<div class=\"elementor-text-editor elementor-clearfix\">\n\t\t\t\t<p>Opci\u00f3n de pago:<\/p>\t\t\t\t\t<\/div>\n\t\t\t\t\t\t<\/div>\n\t\t\t\t<\/div>\n\t\t\t\t<div class=\"elementor-element elementor-element-a9c7269 elementor-widget elementor-widget-heading\" data-id=\"a9c7269\" data-element_type=\"widget\" data-widget_type=\"heading.default\">\n\t\t\t\t<div class=\"elementor-widget-container\">\n\t\t\t<h2 class=\"elementor-heading-title elementor-size-large\">Anualidad<\/h2>\t\t<\/div>\n\t\t\t\t<\/div>\n\t\t\t\t<div class=\"elementor-element elementor-element-3ac71b8 elementor-widget__width-auto elementor-widget elementor-widget-text-editor\" data-id=\"3ac71b8\" data-element_type=\"widget\" data-widget_type=\"text-editor.default\">\n\t\t\t\t<div class=\"elementor-widget-container\">\n\t\t\t\t\t\t\t\t<div class=\"elementor-text-editor elementor-clearfix\">\n\t\t\t\t<p>\u00danico pago, no se cobra matricula.<\/p>\t\t\t\t\t<\/div>\n\t\t\t\t\t\t<\/div>\n\t\t\t\t<\/div>\n\t\t\t\t<div class=\"elementor-element elementor-element-b909f65 elementor-widget elementor-widget-button\" data-id=\"b909f65\" data-element_type=\"widget\" data-widget_type=\"button.default\">\n\t\t\t\t<div class=\"elementor-widget-container\">\n\t\t\t\t\t<div class=\"elementor-button-wrapper\">\n\t\t\t<a href=\"https:\/\/lajauladelangel.com.co\/parquefabricato\/pago-anualidad\/\" class=\"elementor-button-link elementor-button elementor-size-sm\" role=\"button\">\n\t\t\t\t\t\t<span class=\"elementor-button-content-wrapper\">\n\t\t\t\t\t\t<span class=\"elementor-button-text\">Inscribirme<\/span>\n\t\t<\/span>\n\t\t\t\t\t<\/a>\n\t\t<\/div>\n\t\t\t\t<\/div>\n\t\t\t\t<\/div>\n\t\t\t\t\t<\/div>\n\t\t\t\t<\/div>\n\t\t\t\t<\/div>\n\t\t\t\t\t<\/div>\n\t\t\t\t<\/div>\n\t\t\t\t\t<\/div>\n\t\t\t\t<\/div>\n\t\t\t\t\t<\/div>\n\t\t\t\t<\/div>\n\t\t\t\t\t\t\t\t\t<\/div>\n\t\t\t<\/div>\n\t\t\t\t\t<\/div>\n\t\t","protected":false},"excerpt":{"rendered":"<p>Inscribete&nbsp;en&nbsp; nuestra&nbsp; la&nbsp;mejor&nbsp; academia&nbsp;de&nbsp;f\u00fatbol Opci\u00f3n de pago: Debito autom\u00e1tico Una sola inscripci\u00f3n, sin clausula de permanencia. Inscribirme Opci\u00f3n de pago: Anualidad \u00danico pago, no se cobra matricula. Inscribirme<\/p>\n","protected":false},"author":176,"featured_media":0,"parent":0,"menu_order":0,"comment_status":"closed","ping_status":"closed","template":"","meta":{"site-sidebar-layout":"no-sidebar","site-content-layout":"page-builder","ast-site-content-layout":"full-width-container","site-content-style":"unboxed","site-sidebar-style":"unboxed","ast-global-header-display":"","ast-banner-title-visibility":"","ast-main-header-display":"","ast-hfb-above-header-display":"","ast-hfb-below-header-display":"","ast-hfb-mobile-header-display":"","site-post-title":"disabled","ast-breadcrumbs-content":"","ast-featured-img":"disabled","footer-sml-layout":"","theme-transparent-header-meta":"default","adv-header-id-meta":"","stick-header-meta":"","header-above-stick-meta":"","header-main-stick-meta":"","header-below-stick-meta":"","astra-migrate-meta-layouts":"set","ast-page-background-enabled":"default","ast-page-background-meta":{"desktop":{"background-color":"","background-image":"","background-repeat":"repeat","background-position":"center center","background-size":"auto","background-attachment":"scroll","background-type":"","background-media":"","overlay-type":"","overlay-color":"","overlay-opacity":"","overlay-gradient":""},"tablet":{"background-color":"","background-image":"","background-repeat":"repeat","background-position":"center center","background-size":"auto","background-attachment":"scroll","background-type":"","background-media":"","overlay-type":"","overlay-color":"","overlay-opacity":"","overlay-gradient":""},"mobile":{"background-color":"","background-image":"","background-repeat":"repeat","background-position":"center center","background-size":"auto","background-attachment":"scroll","background-type":"","background-media":"","overlay-type":"","overlay-color":"","overlay-opacity":"","overlay-gradient":""}},"ast-content-background-meta":{"desktop":{"background-color":"var(--ast-global-color-5)","background-image":"","background-repeat":"repeat","background-position":"center center","background-size":"auto","background-attachment":"scroll","background-type":"","background-media":"","overlay-type":"","overlay-color":"","overlay-opacity":"","overlay-gradient":""},"tablet":{"background-color":"var(--ast-global-color-5)","background-image":"","background-repeat":"repeat","background-position":"center center","background-size":"auto","background-attachment":"scroll","background-type":"","background-media":"","overlay-type":"","overlay-color":"","overlay-opacity":"","overlay-gradient":""},"mobile":{"background-color":"var(--ast-global-color-5)","background-image":"","background-repeat":"repeat","background-position":"center center","background-size":"auto","background-attachment":"scroll","background-type":"","background-media":"","overlay-type":"","overlay-color":"","overlay-opacity":"","overlay-gradient":""}},"footnotes":""},"class_list":["post-42184","page","type-page","status-publish","hentry"],"_links":{"self":[{"href":"https:\/\/lajauladelangel.com.co\/parquefabricato\/wp-json\/wp\/v2\/pages\/42184","targetHints":{"allow":["GET"]}}],"collection":[{"href":"https:\/\/lajauladelangel.com.co\/parquefabricato\/wp-json\/wp\/v2\/pages"}],"about":[{"href":"https:\/\/lajauladelangel.com.co\/parquefabricato\/wp-json\/wp\/v2\/types\/page"}],"author":[{"embeddable":true,"href":"https:\/\/lajauladelangel.com.co\/parquefabricato\/wp-json\/wp\/v2\/users\/176"}],"replies":[{"embeddable":true,"href":"https:\/\/lajauladelangel.com.co\/parquefabricato\/wp-json\/wp\/v2\/comments?post=42184"}],"version-history":[{"count":1,"href":"https:\/\/lajauladelangel.com.co\/parquefabricato\/wp-json\/wp\/v2\/pages\/42184\/revisions"}],"predecessor-version":[{"id":55045,"href":"https:\/\/lajauladelangel.com.co\/parquefabricato\/wp-json\/wp\/v2\/pages\/42184\/revisions\/55045"}],"wp:attachment":[{"href":"https:\/\/lajauladelangel.com.co\/parquefabricato\/wp-json\/wp\/v2\/media?parent=42184"}],"curies":[{"name":"wp","href":"https:\/\/api.w.org\/{rel}","templated":true}]}}