{"id":43754,"date":"2025-11-14T08:03:09","date_gmt":"2025-11-14T13:03:09","guid":{"rendered":"https:\/\/lajauladelangel.com.co\/florida\/?post_type=product&#038;p=43754"},"modified":"2026-04-20T09:53:45","modified_gmt":"2026-04-20T14:53:45","slug":"cancha-4","status":"publish","type":"product","link":"https:\/\/lajauladelangel.com.co\/florida\/tienda\/cancha-4\/","title":{"rendered":"Cancha #4 FLORIDA (7vs7)"},"content":{"rendered":"<p>Cancha en c\u00e9sped sint\u00e9tico demarcada con l\u00edneas laterales, lineas de fondo y muros de protecci\u00f3n;<br \/>\nesta cancha cuenta con porter\u00edas de 2 metros de alto por 4 metros de ancho.<br \/>\nCantidad de jugadores recomendada: 7 VS 7 (14 personas en cancha).<\/p>\n","protected":false},"excerpt":{"rendered":"<p>Cancha en c\u00e9sped sint\u00e9tico demarcada con l\u00edneas laterales, lineas de fondo y muros de protecci\u00f3n;<br \/>\nesta cancha cuenta con porter\u00edas de 2 metros de alto por 4 metros de ancho.<br \/>\nCantidad de jugadores recomendada: 7 VS 7 (14 personas en cancha).<\/p>\n<p>&nbsp;<\/p>\n","protected":false},"featured_media":45393,"comment_status":"closed","ping_status":"closed","template":"","meta":{"site-sidebar-layout":"default","site-content-layout":"default","ast-site-content-layout":"default","site-content-style":"default","site-sidebar-style":"default","ast-global-header-display":"","ast-banner-title-visibility":"","ast-main-header-display":"disabled","ast-hfb-above-header-display":"","ast-hfb-below-header-display":"","ast-hfb-mobile-header-display":"disabled","site-post-title":"disabled","ast-breadcrumbs-content":"","ast-featured-img":"","footer-sml-layout":"","theme-transparent-header-meta":"default","adv-header-id-meta":"","stick-header-meta":"","header-above-stick-meta":"","header-main-stick-meta":"","header-below-stick-meta":"","astra-migrate-meta-layouts":"set","ast-page-background-enabled":"default","ast-page-background-meta":{"desktop":{"background-color":"var(--ast-global-color-4)","background-image":"","background-repeat":"repeat","background-position":"center center","background-size":"auto","background-attachment":"scroll","background-type":"","background-media":"","overlay-type":"","overlay-color":"","overlay-opacity":"","overlay-gradient":""},"tablet":{"background-color":"","background-image":"","background-repeat":"repeat","background-position":"center center","background-size":"auto","background-attachment":"scroll","background-type":"","background-media":"","overlay-type":"","overlay-color":"","overlay-opacity":"","overlay-gradient":""},"mobile":{"background-color":"","background-image":"","background-repeat":"repeat","background-position":"center center","background-size":"auto","background-attachment":"scroll","background-type":"","background-media":"","overlay-type":"","overlay-color":"","overlay-opacity":"","overlay-gradient":""}},"ast-content-background-meta":{"desktop":{"background-color":"var(--ast-global-color-5)","background-image":"","background-repeat":"repeat","background-position":"center center","background-size":"auto","background-attachment":"scroll","background-type":"","background-media":"","overlay-type":"","overlay-color":"","overlay-opacity":"","overlay-gradient":""},"tablet":{"background-color":"var(--ast-global-color-5)","background-image":"","background-repeat":"repeat","background-position":"center center","background-size":"auto","background-attachment":"scroll","background-type":"","background-media":"","overlay-type":"","overlay-color":"","overlay-opacity":"","overlay-gradient":""},"mobile":{"background-color":"var(--ast-global-color-5)","background-image":"","background-repeat":"repeat","background-position":"center center","background-size":"auto","background-attachment":"scroll","background-type":"","background-media":"","overlay-type":"","overlay-color":"","overlay-opacity":"","overlay-gradient":""}}},"product_cat":[35,22,21],"product_tag":[],"tipos-de-cancha":[36],"class_list":{"0":"post-43754","1":"product","2":"type-product","3":"status-publish","4":"has-post-thumbnail","6":"product_cat-canchas-florida","7":"product_cat-reservas-futbol","8":"product_cat-reservas","9":"tipos-de-cancha-futbol-7","10":"desktop-align-left","11":"tablet-align-left","12":"mobile-align-left","14":"first","15":"instock","16":"virtual","17":"purchasable","18":"product-type-appointment"},"_links":{"self":[{"href":"https:\/\/lajauladelangel.com.co\/florida\/wp-json\/wp\/v2\/product\/43754","targetHints":{"allow":["GET"]}}],"collection":[{"href":"https:\/\/lajauladelangel.com.co\/florida\/wp-json\/wp\/v2\/product"}],"about":[{"href":"https:\/\/lajauladelangel.com.co\/florida\/wp-json\/wp\/v2\/types\/product"}],"replies":[{"embeddable":true,"href":"https:\/\/lajauladelangel.com.co\/florida\/wp-json\/wp\/v2\/comments?post=43754"}],"wp:featuredmedia":[{"embeddable":true,"href":"https:\/\/lajauladelangel.com.co\/florida\/wp-json\/wp\/v2\/media\/45393"}],"wp:attachment":[{"href":"https:\/\/lajauladelangel.com.co\/florida\/wp-json\/wp\/v2\/media?parent=43754"}],"wp:term":[{"taxonomy":"product_cat","embeddable":true,"href":"https:\/\/lajauladelangel.com.co\/florida\/wp-json\/wp\/v2\/product_cat?post=43754"},{"taxonomy":"product_tag","embeddable":true,"href":"https:\/\/lajauladelangel.com.co\/florida\/wp-json\/wp\/v2\/product_tag?post=43754"},{"taxonomy":"tipos-de-cancha","embeddable":true,"href":"https:\/\/lajauladelangel.com.co\/florida\/wp-json\/wp\/v2\/tipos-de-cancha?post=43754"}],"curies":[{"name":"wp","href":"https:\/\/api.w.org\/{rel}","templated":true}]}}