{"id":1366,"date":"2025-01-01T11:20:16","date_gmt":"2025-01-01T16:20:16","guid":{"rendered":"https:\/\/lajauladelangel.com.co\/tesoro\/?post_type=product&#038;p=1366"},"modified":"2026-04-20T09:49:40","modified_gmt":"2026-04-20T14:49:40","slug":"cancha-6","status":"publish","type":"product","link":"https:\/\/lajauladelangel.com.co\/eltesoro\/tienda\/cancha-6\/","title":{"rendered":"Cancha #6 EL TESORO (6vs6)"},"content":{"rendered":"<p>Cancha en c\u00e9sped sint\u00e9tico con muros de protecci\u00f3n.<br \/>\nCuenta con porter\u00edas de 2 metros de alto por 3 metros de ancho.<br \/>\nCantidad de jugadores recomendada: 6 vs 6 (12 personas en cancha).<\/p>\n","protected":false},"excerpt":{"rendered":"<p>Cancha en c\u00e9sped sint\u00e9tico con muros de protecci\u00f3n.<br \/>\nCuenta con porter\u00edas de 2 metros de alto por 3 metros de ancho.<br \/>\nCantidad de jugadores recomendada: 6 vs 6 (12 personas en cancha).<\/p>\n","protected":false},"featured_media":48171,"comment_status":"closed","ping_status":"closed","template":"","meta":{"site-sidebar-layout":"default","site-content-layout":"default","ast-site-content-layout":"default","site-content-style":"default","site-sidebar-style":"default","ast-global-header-display":"","ast-banner-title-visibility":"","ast-main-header-display":"disabled","ast-hfb-above-header-display":"","ast-hfb-below-header-display":"","ast-hfb-mobile-header-display":"","site-post-title":"disabled","ast-breadcrumbs-content":"","ast-featured-img":"","footer-sml-layout":"","theme-transparent-header-meta":"default","adv-header-id-meta":"","stick-header-meta":"","header-above-stick-meta":"","header-main-stick-meta":"","header-below-stick-meta":"","astra-migrate-meta-layouts":"set","ast-page-background-enabled":"default","ast-page-background-meta":{"desktop":{"background-color":"","background-image":"","background-repeat":"repeat","background-position":"center center","background-size":"auto","background-attachment":"scroll","background-type":"","background-media":"","overlay-type":"","overlay-color":"","overlay-opacity":"","overlay-gradient":""},"tablet":{"background-color":"","background-image":"","background-repeat":"repeat","background-position":"center center","background-size":"auto","background-attachment":"scroll","background-type":"","background-media":"","overlay-type":"","overlay-color":"","overlay-opacity":"","overlay-gradient":""},"mobile":{"background-color":"","background-image":"","background-repeat":"repeat","background-position":"center center","background-size":"auto","background-attachment":"scroll","background-type":"","background-media":"","overlay-type":"","overlay-color":"","overlay-opacity":"","overlay-gradient":""}},"ast-content-background-meta":{"desktop":{"background-color":"var(--ast-global-color-5)","background-image":"","background-repeat":"repeat","background-position":"center center","background-size":"auto","background-attachment":"scroll","background-type":"","background-media":"","overlay-type":"","overlay-color":"","overlay-opacity":"","overlay-gradient":""},"tablet":{"background-color":"var(--ast-global-color-5)","background-image":"","background-repeat":"repeat","background-position":"center center","background-size":"auto","background-attachment":"scroll","background-type":"","background-media":"","overlay-type":"","overlay-color":"","overlay-opacity":"","overlay-gradient":""},"mobile":{"background-color":"var(--ast-global-color-5)","background-image":"","background-repeat":"repeat","background-position":"center center","background-size":"auto","background-attachment":"scroll","background-type":"","background-media":"","overlay-type":"","overlay-color":"","overlay-opacity":"","overlay-gradient":""}}},"product_cat":[120,124,119],"product_tag":[],"tipos-de-cancha":[130],"class_list":{"0":"post-1366","1":"product","2":"type-product","3":"status-publish","4":"has-post-thumbnail","6":"product_cat-reservas-tesoro","7":"product_cat-reserva-tesoro-futbol","8":"product_cat-reservas","9":"tipos-de-cancha-futbol-6","10":"desktop-align-left","11":"tablet-align-left","12":"mobile-align-left","13":"ast-product-gallery-layout-horizontal-slider","14":"ast-product-tabs-layout-horizontal","16":"first","17":"instock","18":"virtual","19":"purchasable","20":"product-type-appointment"},"_links":{"self":[{"href":"https:\/\/lajauladelangel.com.co\/eltesoro\/wp-json\/wp\/v2\/product\/1366","targetHints":{"allow":["GET"]}}],"collection":[{"href":"https:\/\/lajauladelangel.com.co\/eltesoro\/wp-json\/wp\/v2\/product"}],"about":[{"href":"https:\/\/lajauladelangel.com.co\/eltesoro\/wp-json\/wp\/v2\/types\/product"}],"replies":[{"embeddable":true,"href":"https:\/\/lajauladelangel.com.co\/eltesoro\/wp-json\/wp\/v2\/comments?post=1366"}],"wp:featuredmedia":[{"embeddable":true,"href":"https:\/\/lajauladelangel.com.co\/eltesoro\/wp-json\/wp\/v2\/media\/48171"}],"wp:attachment":[{"href":"https:\/\/lajauladelangel.com.co\/eltesoro\/wp-json\/wp\/v2\/media?parent=1366"}],"wp:term":[{"taxonomy":"product_cat","embeddable":true,"href":"https:\/\/lajauladelangel.com.co\/eltesoro\/wp-json\/wp\/v2\/product_cat?post=1366"},{"taxonomy":"product_tag","embeddable":true,"href":"https:\/\/lajauladelangel.com.co\/eltesoro\/wp-json\/wp\/v2\/product_tag?post=1366"},{"taxonomy":"tipos-de-cancha","embeddable":true,"href":"https:\/\/lajauladelangel.com.co\/eltesoro\/wp-json\/wp\/v2\/tipos-de-cancha?post=1366"}],"curies":[{"name":"wp","href":"https:\/\/api.w.org\/{rel}","templated":true}]}}