{"id":12901,"date":"2025-01-01T11:22:01","date_gmt":"2025-01-01T16:22:01","guid":{"rendered":"https:\/\/lajauladelangel.com.co\/tesoro\/?post_type=product&#038;p=12901"},"modified":"2026-04-01T09:27:51","modified_gmt":"2026-04-01T14:27:51","slug":"cancha-4-padel","status":"publish","type":"product","link":"https:\/\/lajauladelangel.com.co\/eltesoro\/tienda\/cancha-4-padel\/","title":{"rendered":"Cancha #4 EL TESORO &#8211; PADEL (2vs2)"},"content":{"rendered":"<p>Pista de P\u00c1DEL en c\u00e9sped sint\u00e9tico.<br \/>\nCantidad de jugadores recomendada: 2 vs 2 (4 personas en cancha).<\/p>\n<p><strong>LA RESERVA INCLUYE EL PRESTAMO DE 4 PALAS<br \/>\n(No incluye las pelotas)<\/strong><\/p>\n<p>Para comprar pelotas de padel <a href=\"https:\/\/lajauladelangel.com.co\/eltesoro\/tienda\/tarro-de-pelotas\/\">Click aqui<\/a><\/p>\n<p>&nbsp;<\/p>\n","protected":false},"excerpt":{"rendered":"<p>Pista de P\u00c1DEL en c\u00e9sped sint\u00e9tico.<br \/>\nCantidad de jugadores recomendada: 2 vs 2 (4 personas en cancha).<\/p>\n<p><strong>LA RESERVA INCLUYE EL PRESTAMO DE 4 PALAS<br \/>\n(No incluye las pelotas)<\/strong><\/p>\n<p>Para comprar pelotas de padel <a href=\"https:\/\/lajauladelangel.com.co\/eltesoro\/tienda\/tarro-de-pelotas\/\">Click aqui<\/a><\/p>\n","protected":false},"featured_media":48158,"comment_status":"open","ping_status":"closed","template":"","meta":{"site-sidebar-layout":"default","site-content-layout":"default","ast-site-content-layout":"default","site-content-style":"default","site-sidebar-style":"default","ast-global-header-display":"","ast-banner-title-visibility":"","ast-main-header-display":"disabled","ast-hfb-above-header-display":"","ast-hfb-below-header-display":"","ast-hfb-mobile-header-display":"","site-post-title":"disabled","ast-breadcrumbs-content":"","ast-featured-img":"","footer-sml-layout":"","theme-transparent-header-meta":"default","adv-header-id-meta":"","stick-header-meta":"","header-above-stick-meta":"","header-main-stick-meta":"","header-below-stick-meta":"","astra-migrate-meta-layouts":"set","ast-page-background-enabled":"default","ast-page-background-meta":{"desktop":{"background-color":"","background-image":"","background-repeat":"repeat","background-position":"center center","background-size":"auto","background-attachment":"scroll","background-type":"","background-media":"","overlay-type":"","overlay-color":"","overlay-opacity":"","overlay-gradient":""},"tablet":{"background-color":"","background-image":"","background-repeat":"repeat","background-position":"center center","background-size":"auto","background-attachment":"scroll","background-type":"","background-media":"","overlay-type":"","overlay-color":"","overlay-opacity":"","overlay-gradient":""},"mobile":{"background-color":"","background-image":"","background-repeat":"repeat","background-position":"center center","background-size":"auto","background-attachment":"scroll","background-type":"","background-media":"","overlay-type":"","overlay-color":"","overlay-opacity":"","overlay-gradient":""}},"ast-content-background-meta":{"desktop":{"background-color":"var(--ast-global-color-5)","background-image":"","background-repeat":"repeat","background-position":"center center","background-size":"auto","background-attachment":"scroll","background-type":"","background-media":"","overlay-type":"","overlay-color":"","overlay-opacity":"","overlay-gradient":""},"tablet":{"background-color":"var(--ast-global-color-5)","background-image":"","background-repeat":"repeat","background-position":"center center","background-size":"auto","background-attachment":"scroll","background-type":"","background-media":"","overlay-type":"","overlay-color":"","overlay-opacity":"","overlay-gradient":""},"mobile":{"background-color":"var(--ast-global-color-5)","background-image":"","background-repeat":"repeat","background-position":"center center","background-size":"auto","background-attachment":"scroll","background-type":"","background-media":"","overlay-type":"","overlay-color":"","overlay-opacity":"","overlay-gradient":""}}},"product_cat":[120,160,119],"product_tag":[],"tipos-de-cancha":[159],"class_list":{"0":"post-12901","1":"product","2":"type-product","3":"status-publish","4":"has-post-thumbnail","6":"product_cat-reservas-tesoro","7":"product_cat-padel-reservas-tesoro","8":"product_cat-reservas","9":"tipos-de-cancha-padel","10":"desktop-align-left","11":"tablet-align-left","12":"mobile-align-left","13":"ast-product-gallery-layout-horizontal-slider","14":"ast-product-tabs-layout-horizontal","16":"first","17":"instock","18":"virtual","19":"purchasable","20":"product-type-appointment"},"_links":{"self":[{"href":"https:\/\/lajauladelangel.com.co\/eltesoro\/wp-json\/wp\/v2\/product\/12901","targetHints":{"allow":["GET"]}}],"collection":[{"href":"https:\/\/lajauladelangel.com.co\/eltesoro\/wp-json\/wp\/v2\/product"}],"about":[{"href":"https:\/\/lajauladelangel.com.co\/eltesoro\/wp-json\/wp\/v2\/types\/product"}],"replies":[{"embeddable":true,"href":"https:\/\/lajauladelangel.com.co\/eltesoro\/wp-json\/wp\/v2\/comments?post=12901"}],"wp:featuredmedia":[{"embeddable":true,"href":"https:\/\/lajauladelangel.com.co\/eltesoro\/wp-json\/wp\/v2\/media\/48158"}],"wp:attachment":[{"href":"https:\/\/lajauladelangel.com.co\/eltesoro\/wp-json\/wp\/v2\/media?parent=12901"}],"wp:term":[{"taxonomy":"product_cat","embeddable":true,"href":"https:\/\/lajauladelangel.com.co\/eltesoro\/wp-json\/wp\/v2\/product_cat?post=12901"},{"taxonomy":"product_tag","embeddable":true,"href":"https:\/\/lajauladelangel.com.co\/eltesoro\/wp-json\/wp\/v2\/product_tag?post=12901"},{"taxonomy":"tipos-de-cancha","embeddable":true,"href":"https:\/\/lajauladelangel.com.co\/eltesoro\/wp-json\/wp\/v2\/tipos-de-cancha?post=12901"}],"curies":[{"name":"wp","href":"https:\/\/api.w.org\/{rel}","templated":true}]}}